{"id":13,"date":"2012-01-25T11:10:15","date_gmt":"2012-01-25T10:10:15","guid":{"rendered":"http:\/\/www.udc-chablais.ch\/?page_id=13"},"modified":"2020-05-04T20:34:29","modified_gmt":"2020-05-04T19:34:29","slug":"sections","status":"publish","type":"page","link":"https:\/\/www.udc-chablais.ch\/?page_id=13","title":{"rendered":"Sections"},"content":{"rendered":"\n<p>L&rsquo;Arrondissement UDC Chablais est compos\u00e9 de plusieurs <strong>sections<\/strong> communales ou r\u00e9gionales en prise directe avec la population et les affaires communales. Grand nombre d&rsquo;entre-elles comptent des \u00e9lus au sein du <strong>Conseil communal<\/strong> et de la <strong>Municipalit\u00e9<\/strong> :<\/p>\n\n\n\n<ul class=\"wp-block-list\"><li><a title=\"Aigle\" href=\"http:\/\/www.udc-chablais.ch\/?page_id=15\">Aigle<\/a><\/li><li><a href=\"http:\/\/www.udc-chablais.ch\/?page_id=17\">Bex<\/a><\/li><li><a href=\"http:\/\/www.udc-chablais.ch\/?page_id=27\">Les Ormonts<\/a><\/li><li><a href=\"http:\/\/www.udc-chablais.ch\/?page_id=25\">Leysin<\/a><\/li><li><a href=\"http:\/\/www.udc-chablais.ch\/?page_id=21\">Ollon<\/a><\/li><li><a href=\"http:\/\/www.udc-chablais.ch\/?page_id=19\">Villeneuve et Environs<\/a><\/li><li><a href=\"http:\/\/www.udc-chablais.ch\/?page_id=23\">Yvorne<\/a><\/li><\/ul>\n\n\n\n<div class=\"wp-block-image\"><figure class=\"alignleft\"><img loading=\"lazy\" decoding=\"async\" width=\"640\" height=\"640\" src=\"http:\/\/www.udc-chablais.ch\/wp-content\/uploads\/2012\/02\/district-aigle-sections.jpg\" alt=\"\" class=\"wp-image-223\" title=\"district-aigle\" srcset=\"https:\/\/www.udc-chablais.ch\/wp-content\/uploads\/2012\/02\/district-aigle-sections.jpg 640w, https:\/\/www.udc-chablais.ch\/wp-content\/uploads\/2012\/02\/district-aigle-sections-150x150.jpg 150w, https:\/\/www.udc-chablais.ch\/wp-content\/uploads\/2012\/02\/district-aigle-sections-300x300.jpg 300w\" sizes=\"auto, (max-width: 640px) 100vw, 640px\" \/><\/figure><\/div>\n","protected":false},"excerpt":{"rendered":"<p>L&rsquo;Arrondissement UDC Chablais est compos\u00e9 de plusieurs sections communales ou r\u00e9gionales en prise directe avec la population et les affaires communales. Grand nombre d&rsquo;entre-elles comptent des \u00e9lus au sein du Conseil communal et de la Municipalit\u00e9 : Aigle Bex Les Ormonts Leysin Ollon Villeneuve et Environs Yvorne<\/p>\n","protected":false},"author":1,"featured_media":0,"parent":0,"menu_order":5,"comment_status":"closed","ping_status":"closed","template":"","meta":{"footnotes":""},"class_list":["post-13","page","type-page","status-publish","hentry"],"yoast_head":"<!-- This site is optimized with the Yoast SEO plugin v27.4 - https:\/\/yoast.com\/product\/yoast-seo-wordpress\/ -->\n<title>Sections &#8226; UDC Chablais<\/title>\n<meta name=\"robots\" content=\"index, follow, max-snippet:-1, max-image-preview:large, max-video-preview:-1\" \/>\n<link rel=\"canonical\" href=\"https:\/\/www.udc-chablais.ch\/?page_id=13\" \/>\n<meta property=\"og:locale\" content=\"fr_FR\" \/>\n<meta property=\"og:type\" content=\"article\" \/>\n<meta property=\"og:title\" content=\"Sections &#8226; UDC Chablais\" \/>\n<meta property=\"og:description\" content=\"L&rsquo;Arrondissement UDC Chablais est compos\u00e9 de plusieurs sections communales ou r\u00e9gionales en prise directe avec la population et les affaires communales. Grand nombre d&rsquo;entre-elles comptent des \u00e9lus au sein du Conseil communal et de la Municipalit\u00e9 : Aigle Bex Les Ormonts Leysin Ollon Villeneuve et Environs Yvorne\" \/>\n<meta property=\"og:url\" content=\"https:\/\/www.udc-chablais.ch\/?page_id=13\" \/>\n<meta property=\"og:site_name\" content=\"UDC Chablais\" \/>\n<meta property=\"article:modified_time\" content=\"2020-05-04T19:34:29+00:00\" \/>\n<meta property=\"og:image\" content=\"http:\/\/www.udc-chablais.ch\/wp-content\/uploads\/2012\/02\/district-aigle-sections.jpg\" \/>\n<meta name=\"twitter:card\" content=\"summary_large_image\" \/>\n<script type=\"application\/ld+json\" class=\"yoast-schema-graph\">{\"@context\":\"https:\\\/\\\/schema.org\",\"@graph\":[{\"@type\":\"WebPage\",\"@id\":\"https:\\\/\\\/www.udc-chablais.ch\\\/?page_id=13\",\"url\":\"https:\\\/\\\/www.udc-chablais.ch\\\/?page_id=13\",\"name\":\"Sections &#8226; UDC Chablais\",\"isPartOf\":{\"@id\":\"https:\\\/\\\/www.udc-chablais.ch\\\/#website\"},\"primaryImageOfPage\":{\"@id\":\"https:\\\/\\\/www.udc-chablais.ch\\\/?page_id=13#primaryimage\"},\"image\":{\"@id\":\"https:\\\/\\\/www.udc-chablais.ch\\\/?page_id=13#primaryimage\"},\"thumbnailUrl\":\"http:\\\/\\\/www.udc-chablais.ch\\\/wp-content\\\/uploads\\\/2012\\\/02\\\/district-aigle-sections.jpg\",\"datePublished\":\"2012-01-25T10:10:15+00:00\",\"dateModified\":\"2020-05-04T19:34:29+00:00\",\"breadcrumb\":{\"@id\":\"https:\\\/\\\/www.udc-chablais.ch\\\/?page_id=13#breadcrumb\"},\"inLanguage\":\"fr-FR\",\"potentialAction\":[{\"@type\":\"ReadAction\",\"target\":[\"https:\\\/\\\/www.udc-chablais.ch\\\/?page_id=13\"]}]},{\"@type\":\"ImageObject\",\"inLanguage\":\"fr-FR\",\"@id\":\"https:\\\/\\\/www.udc-chablais.ch\\\/?page_id=13#primaryimage\",\"url\":\"https:\\\/\\\/www.udc-chablais.ch\\\/wp-content\\\/uploads\\\/2012\\\/02\\\/district-aigle-sections.jpg\",\"contentUrl\":\"https:\\\/\\\/www.udc-chablais.ch\\\/wp-content\\\/uploads\\\/2012\\\/02\\\/district-aigle-sections.jpg\",\"width\":\"640\",\"height\":\"640\"},{\"@type\":\"BreadcrumbList\",\"@id\":\"https:\\\/\\\/www.udc-chablais.ch\\\/?page_id=13#breadcrumb\",\"itemListElement\":[{\"@type\":\"ListItem\",\"position\":1,\"name\":\"Accueil\",\"item\":\"https:\\\/\\\/www.udc-chablais.ch\\\/\"},{\"@type\":\"ListItem\",\"position\":2,\"name\":\"Sections\"}]},{\"@type\":\"WebSite\",\"@id\":\"https:\\\/\\\/www.udc-chablais.ch\\\/#website\",\"url\":\"https:\\\/\\\/www.udc-chablais.ch\\\/\",\"name\":\"UDC Chablais\",\"description\":\"Une politique, la r\u00e9gion en plus\",\"publisher\":{\"@id\":\"https:\\\/\\\/www.udc-chablais.ch\\\/#organization\"},\"potentialAction\":[{\"@type\":\"SearchAction\",\"target\":{\"@type\":\"EntryPoint\",\"urlTemplate\":\"https:\\\/\\\/www.udc-chablais.ch\\\/?s={search_term_string}\"},\"query-input\":{\"@type\":\"PropertyValueSpecification\",\"valueRequired\":true,\"valueName\":\"search_term_string\"}}],\"inLanguage\":\"fr-FR\"},{\"@type\":\"Organization\",\"@id\":\"https:\\\/\\\/www.udc-chablais.ch\\\/#organization\",\"name\":\"UDC Chablais\",\"url\":\"https:\\\/\\\/www.udc-chablais.ch\\\/\",\"logo\":{\"@type\":\"ImageObject\",\"inLanguage\":\"fr-FR\",\"@id\":\"https:\\\/\\\/www.udc-chablais.ch\\\/#\\\/schema\\\/logo\\\/image\\\/\",\"url\":\"https:\\\/\\\/www.udc-chablais.ch\\\/wp-content\\\/uploads\\\/udc_chablais_logo_new_travail.jpg\",\"contentUrl\":\"https:\\\/\\\/www.udc-chablais.ch\\\/wp-content\\\/uploads\\\/udc_chablais_logo_new_travail.jpg\",\"width\":150,\"height\":150,\"caption\":\"UDC Chablais\"},\"image\":{\"@id\":\"https:\\\/\\\/www.udc-chablais.ch\\\/#\\\/schema\\\/logo\\\/image\\\/\"}}]}<\/script>\n<!-- \/ Yoast SEO plugin. -->","yoast_head_json":{"title":"Sections &#8226; UDC Chablais","robots":{"index":"index","follow":"follow","max-snippet":"max-snippet:-1","max-image-preview":"max-image-preview:large","max-video-preview":"max-video-preview:-1"},"canonical":"https:\/\/www.udc-chablais.ch\/?page_id=13","og_locale":"fr_FR","og_type":"article","og_title":"Sections &#8226; UDC Chablais","og_description":"L&rsquo;Arrondissement UDC Chablais est compos\u00e9 de plusieurs sections communales ou r\u00e9gionales en prise directe avec la population et les affaires communales. Grand nombre d&rsquo;entre-elles comptent des \u00e9lus au sein du Conseil communal et de la Municipalit\u00e9 : Aigle Bex Les Ormonts Leysin Ollon Villeneuve et Environs Yvorne","og_url":"https:\/\/www.udc-chablais.ch\/?page_id=13","og_site_name":"UDC Chablais","article_modified_time":"2020-05-04T19:34:29+00:00","og_image":[{"url":"http:\/\/www.udc-chablais.ch\/wp-content\/uploads\/2012\/02\/district-aigle-sections.jpg","type":"","width":"","height":""}],"twitter_card":"summary_large_image","schema":{"@context":"https:\/\/schema.org","@graph":[{"@type":"WebPage","@id":"https:\/\/www.udc-chablais.ch\/?page_id=13","url":"https:\/\/www.udc-chablais.ch\/?page_id=13","name":"Sections &#8226; UDC Chablais","isPartOf":{"@id":"https:\/\/www.udc-chablais.ch\/#website"},"primaryImageOfPage":{"@id":"https:\/\/www.udc-chablais.ch\/?page_id=13#primaryimage"},"image":{"@id":"https:\/\/www.udc-chablais.ch\/?page_id=13#primaryimage"},"thumbnailUrl":"http:\/\/www.udc-chablais.ch\/wp-content\/uploads\/2012\/02\/district-aigle-sections.jpg","datePublished":"2012-01-25T10:10:15+00:00","dateModified":"2020-05-04T19:34:29+00:00","breadcrumb":{"@id":"https:\/\/www.udc-chablais.ch\/?page_id=13#breadcrumb"},"inLanguage":"fr-FR","potentialAction":[{"@type":"ReadAction","target":["https:\/\/www.udc-chablais.ch\/?page_id=13"]}]},{"@type":"ImageObject","inLanguage":"fr-FR","@id":"https:\/\/www.udc-chablais.ch\/?page_id=13#primaryimage","url":"https:\/\/www.udc-chablais.ch\/wp-content\/uploads\/2012\/02\/district-aigle-sections.jpg","contentUrl":"https:\/\/www.udc-chablais.ch\/wp-content\/uploads\/2012\/02\/district-aigle-sections.jpg","width":"640","height":"640"},{"@type":"BreadcrumbList","@id":"https:\/\/www.udc-chablais.ch\/?page_id=13#breadcrumb","itemListElement":[{"@type":"ListItem","position":1,"name":"Accueil","item":"https:\/\/www.udc-chablais.ch\/"},{"@type":"ListItem","position":2,"name":"Sections"}]},{"@type":"WebSite","@id":"https:\/\/www.udc-chablais.ch\/#website","url":"https:\/\/www.udc-chablais.ch\/","name":"UDC Chablais","description":"Une politique, la r\u00e9gion en plus","publisher":{"@id":"https:\/\/www.udc-chablais.ch\/#organization"},"potentialAction":[{"@type":"SearchAction","target":{"@type":"EntryPoint","urlTemplate":"https:\/\/www.udc-chablais.ch\/?s={search_term_string}"},"query-input":{"@type":"PropertyValueSpecification","valueRequired":true,"valueName":"search_term_string"}}],"inLanguage":"fr-FR"},{"@type":"Organization","@id":"https:\/\/www.udc-chablais.ch\/#organization","name":"UDC Chablais","url":"https:\/\/www.udc-chablais.ch\/","logo":{"@type":"ImageObject","inLanguage":"fr-FR","@id":"https:\/\/www.udc-chablais.ch\/#\/schema\/logo\/image\/","url":"https:\/\/www.udc-chablais.ch\/wp-content\/uploads\/udc_chablais_logo_new_travail.jpg","contentUrl":"https:\/\/www.udc-chablais.ch\/wp-content\/uploads\/udc_chablais_logo_new_travail.jpg","width":150,"height":150,"caption":"UDC Chablais"},"image":{"@id":"https:\/\/www.udc-chablais.ch\/#\/schema\/logo\/image\/"}}]}},"_links":{"self":[{"href":"https:\/\/www.udc-chablais.ch\/index.php?rest_route=\/wp\/v2\/pages\/13","targetHints":{"allow":["GET"]}}],"collection":[{"href":"https:\/\/www.udc-chablais.ch\/index.php?rest_route=\/wp\/v2\/pages"}],"about":[{"href":"https:\/\/www.udc-chablais.ch\/index.php?rest_route=\/wp\/v2\/types\/page"}],"author":[{"embeddable":true,"href":"https:\/\/www.udc-chablais.ch\/index.php?rest_route=\/wp\/v2\/users\/1"}],"replies":[{"embeddable":true,"href":"https:\/\/www.udc-chablais.ch\/index.php?rest_route=%2Fwp%2Fv2%2Fcomments&post=13"}],"version-history":[{"count":11,"href":"https:\/\/www.udc-chablais.ch\/index.php?rest_route=\/wp\/v2\/pages\/13\/revisions"}],"predecessor-version":[{"id":1574,"href":"https:\/\/www.udc-chablais.ch\/index.php?rest_route=\/wp\/v2\/pages\/13\/revisions\/1574"}],"wp:attachment":[{"href":"https:\/\/www.udc-chablais.ch\/index.php?rest_route=%2Fwp%2Fv2%2Fmedia&parent=13"}],"curies":[{"name":"wp","href":"https:\/\/api.w.org\/{rel}","templated":true}]}}