{"id":17,"date":"2012-01-25T11:11:03","date_gmt":"2012-01-25T10:11:03","guid":{"rendered":"http:\/\/www.udc-chablais.ch\/?page_id=17"},"modified":"2025-03-24T17:23:40","modified_gmt":"2025-03-24T16:23:40","slug":"bex","status":"publish","type":"page","link":"https:\/\/www.udc-chablais.ch\/?page_id=17","title":{"rendered":"Bex"},"content":{"rendered":"\n<div class=\"wp-block-media-text alignwide is-stacked-on-mobile\"><figure class=\"wp-block-media-text__media\"><img loading=\"lazy\" decoding=\"async\" width=\"640\" height=\"640\" src=\"https:\/\/www.udc-chablais.ch\/wp-content\/uploads\/2012\/02\/district-aigle-section-bex.jpg\" alt=\"\" class=\"wp-image-219 size-full\" srcset=\"https:\/\/www.udc-chablais.ch\/wp-content\/uploads\/2012\/02\/district-aigle-section-bex.jpg 640w, https:\/\/www.udc-chablais.ch\/wp-content\/uploads\/2012\/02\/district-aigle-section-bex-150x150.jpg 150w, https:\/\/www.udc-chablais.ch\/wp-content\/uploads\/2012\/02\/district-aigle-section-bex-300x300.jpg 300w\" sizes=\"auto, (max-width: 640px) 100vw, 640px\" \/><\/figure><div class=\"wp-block-media-text__content\">\n<ul class=\"wp-block-list\">\n<li>Section UDC Bex<\/li>\n\n\n\n<li>Baptiste Gu\u00e9rin, Pr\u00e9sident<\/li>\n\n\n\n<li>1880 Bex<\/li>\n<\/ul>\n<\/div><\/div>\n\n\n\n<div class=\"wp-block-group alignwide\"><div class=\"wp-block-group__inner-container is-layout-flow wp-block-group-is-layout-flow\">\n<h2 class=\"wp-block-heading\">ACTUALIT\u00c9S<\/h2>\n\n\n<ul class=\"wp-block-latest-posts__list is-grid columns-3 has-dates wp-block-latest-posts\"><li><a class=\"wp-block-latest-posts__post-title\" href=\"https:\/\/www.udc-chablais.ch\/?p=1764\">Pierre-Yves Rapaz candidat \u00e0 la syndicature de Bex<\/a><time datetime=\"2021-04-06T14:46:54+01:00\" class=\"wp-block-latest-posts__post-date\">6 avril 2021<\/time><div class=\"wp-block-latest-posts__post-excerpt\">Notre municipal Pierre-Yves Rapaz, 53 ans, se pr\u00e9sente \u00e0 la syndicature de la commune de Bex. Apr\u00e8s trois l\u00e9gislatures au sein de la Municipalit\u00e9, Pierre-Yves Rapaz a plus que jamais la motivation, l\u2019exp\u00e9rience et les comp\u00e9tences pour pr\u00e9sider l\u2019ex\u00e9cutif communal et offrir la meilleure d\u00e9fense possible des int\u00e9r\u00eats bellerins.\u2026 <a class=\"wp-block-latest-posts__read-more\" href=\"https:\/\/www.udc-chablais.ch\/?p=1764\" rel=\"noopener noreferrer\">Lire la suite<span class=\"screen-reader-text\">\u00a0: Pierre-Yves Rapaz candidat \u00e0 la syndicature de Bex<\/span><\/a><\/div><\/li>\n<li><a class=\"wp-block-latest-posts__post-title\" href=\"https:\/\/www.udc-chablais.ch\/?p=1702\">Votez PAI-UDC \u00e0 Bex !<\/a><time datetime=\"2021-02-04T18:06:58+01:00\" class=\"wp-block-latest-posts__post-date\">4 f\u00e9vrier 2021<\/time><div class=\"wp-block-latest-posts__post-excerpt\">Le PAI-UDC de Bex pr\u00e9sente une liste de 16 candidats au Conseil communal et 2 candidats \u00e0 la Municipalit\u00e9 : Pierre-Yves Rapaz, municipal sortant, et Christoph Roesler.<\/div><\/li>\n<li><a class=\"wp-block-latest-posts__post-title\" href=\"https:\/\/www.udc-chablais.ch\/?p=1401\">Revue de presse<\/a><time datetime=\"2016-03-21T17:20:26+01:00\" class=\"wp-block-latest-posts__post-date\">21 mars 2016<\/time><div class=\"wp-block-latest-posts__post-excerpt\"><\/div><\/li>\n<\/ul><\/div><\/div>\n\n\n\n<h2 class=\"wp-block-heading\">NOS \u00c9LUS<\/h2>\n\n\n\n<ul class=\"wp-block-list\">\n<li><strong>Municipal : <\/strong>Pierre-Yves Rapaz<\/li>\n<\/ul>\n\n\n\n<h2 class=\"wp-block-heading\">LA SECTION<\/h2>\n\n\n\n<h4 class=\"wp-block-heading\"><strong>Comit\u00e9&nbsp;:<\/strong><\/h4>\n\n\n\n<ul class=\"wp-block-list\">\n<li><strong>Pr\u00e9sident :<\/strong> Baptiste Gu\u00e9rin<\/li>\n\n\n\n<li><strong>Vice-pr\u00e9sident :<\/strong> Christoph Roesler<\/li>\n\n\n\n<li><strong>Caissi\u00e8re &#8211; secr\u00e9taire&nbsp;:<\/strong> Nathalie Morex<\/li>\n\n\n\n<li><strong>Membre :<\/strong> Pierre-Yves Rapaz, municipal<\/li>\n\n\n\n<li><strong>Membres :<\/strong> Dauphin Audrey &amp; Denis Aviolat<\/li>\n<\/ul>\n\n\n\n<h4 class=\"wp-block-heading\"><strong>Conseillers&nbsp;communaux :<\/strong><\/h4>\n\n\n\n<ul class=\"wp-block-list\">\n<li>Comte-Aebischer Eliane<\/li>\n\n\n\n<li>Dauphin Audrey<\/li>\n\n\n\n<li>Genet Aline<\/li>\n\n\n\n<li>Gu\u00e9rin Baptiste<\/li>\n\n\n\n<li>Haldi Catarina<\/li>\n\n\n\n<li>Haldi Jean-Michel<\/li>\n\n\n\n<li>Morex Nathalie<\/li>\n\n\n\n<li>Revaz Anita<\/li>\n<\/ul>\n\n\n\n<p><strong>Les s\u00e9ances de pr\u00e9paration pour le Conseil communal ont lieu les mardis pr\u00e9c\u00e9dant les s\u00e9ances du Conseil, \u00e0 19h30.<\/strong><\/p>\n\n\n\n<blockquote class=\"wp-block-quote is-layout-flow wp-block-quote-is-layout-flow\">\n<p>\u00a0\u00bb Si le Parti suisse des Paysans, Artisans et Bourgeois joue un grand r\u00f4le sur le terrain f\u00e9d\u00e9ral et que le P.A.I. joue le sien dans le cadre cantonal, toutes proportions gard\u00e9es, notre section locale doit d\u00e9fendre ses positions et ses principes\u2026 \u00a0\u00bb Ce texte \u00e9tait le slogan lors des \u00e9lections communales de 1965.<\/p>\n\n\n\n<p>Aujourd&rsquo;hui notre parti assume ses origines agrariennes et soutient une agriculture productrice qui travaille dans un contexte lib\u00e9ralisme pour pouvoir lever les d\u00e9fis de l&rsquo;avenir. Nous respectons l&rsquo;environnement dans la gestion du patrimoine communal.<\/p>\n\n\n\n<p>La famille est la valeur fondamentale de la soci\u00e9t\u00e9. Nous nous engageons pour la responsabilit\u00e9 individuelles des familles, pour l&rsquo;\u00e9ducation des enfants au sein de la famille et pour la coh\u00e9sion entre les g\u00e9n\u00e9rations.<\/p>\n\n\n\n<p>Nous soutenons les soci\u00e9t\u00e9s qui jouent un r\u00f4le primordial dans la vie sociale. Nous consid\u00e9rons le sport et la culture comme des contributions importantes au bon fonctionnement de la soci\u00e9t\u00e9 et aux loisirs.<\/p>\n\n\n\n<p>La violence chez les jeunes, les actes de jeunes casseurs et la brutalit\u00e9 des jeunes malfrats et le nombre de cas de violence augmentent surtout dans les \u00e9coles. Nous voulons des \u00e9coles et institutions de formation s\u00fbres, sans violence et sans drogue.<\/p>\n\n\n\n<p>Nous apportons notre soutien pour am\u00e9liorer la qualit\u00e9 de vie de nos a\u00een\u00e9s.<\/p>\n\n\n\n<p>Seule une \u00e9conomie saine cr\u00e9e des emplois, assure la prosp\u00e9rit\u00e9 et garantit l&rsquo;existence d&rsquo;un filet social performant. L&rsquo;UDC mise sur la libert\u00e9 d&rsquo;entreprise et sur la responsabilit\u00e9 sociale pour assurer les emploi. Il faut renoncer \u00e0 des pr\u00e9l\u00e8vements suppl\u00e9mentaires, moins d&rsquo;imp\u00f4ts, de redevances et de taxes.<\/p>\n\n\n\n<p>Eliane Comte-Aebischer<\/p>\n<\/blockquote>\n","protected":false},"excerpt":{"rendered":"<p>ACTUALIT\u00c9S NOS \u00c9LUS LA SECTION Comit\u00e9&nbsp;: Conseillers&nbsp;communaux : Les s\u00e9ances de pr\u00e9paration pour le Conseil communal ont lieu les mardis pr\u00e9c\u00e9dant les s\u00e9ances du Conseil, \u00e0 19h30. \u00a0\u00bb Si le Parti suisse des Paysans, Artisans et Bourgeois joue un grand r\u00f4le sur le terrain f\u00e9d\u00e9ral et que le P.A.I. joue le sien dans le cadre [&hellip;]<\/p>\n","protected":false},"author":1,"featured_media":0,"parent":13,"menu_order":0,"comment_status":"closed","ping_status":"closed","template":"","meta":{"footnotes":""},"class_list":["post-17","page","type-page","status-publish","hentry"],"yoast_head":"<!-- This site is optimized with the Yoast SEO plugin v24.7 - https:\/\/yoast.com\/wordpress\/plugins\/seo\/ -->\n<title>Bex &#8226; UDC Chablais<\/title>\n<meta name=\"robots\" content=\"index, follow, max-snippet:-1, max-image-preview:large, max-video-preview:-1\" \/>\n<link rel=\"canonical\" href=\"https:\/\/www.udc-chablais.ch\/?page_id=17\" \/>\n<meta property=\"og:locale\" content=\"fr_FR\" \/>\n<meta property=\"og:type\" content=\"article\" \/>\n<meta property=\"og:title\" content=\"Bex &#8226; UDC Chablais\" \/>\n<meta property=\"og:description\" content=\"ACTUALIT\u00c9S NOS \u00c9LUS LA SECTION Comit\u00e9&nbsp;: Conseillers&nbsp;communaux : Les s\u00e9ances de pr\u00e9paration pour le Conseil communal ont lieu les mardis pr\u00e9c\u00e9dant les s\u00e9ances du Conseil, \u00e0 19h30. \u00a0\u00bb Si le Parti suisse des Paysans, Artisans et Bourgeois joue un grand r\u00f4le sur le terrain f\u00e9d\u00e9ral et que le P.A.I. joue le sien dans le cadre [&hellip;]\" \/>\n<meta property=\"og:url\" content=\"https:\/\/www.udc-chablais.ch\/?page_id=17\" \/>\n<meta property=\"og:site_name\" content=\"UDC Chablais\" \/>\n<meta property=\"article:modified_time\" content=\"2025-03-24T16:23:40+00:00\" \/>\n<meta property=\"og:image\" content=\"https:\/\/www.udc-chablais.ch\/wp-content\/uploads\/2012\/02\/district-aigle-section-bex.jpg\" \/>\n\t<meta property=\"og:image:width\" content=\"640\" \/>\n\t<meta property=\"og:image:height\" content=\"640\" \/>\n\t<meta property=\"og:image:type\" content=\"image\/jpeg\" \/>\n<meta name=\"twitter:card\" content=\"summary_large_image\" \/>\n<meta name=\"twitter:label1\" content=\"Dur\u00e9e de lecture estim\u00e9e\" \/>\n\t<meta name=\"twitter:data1\" content=\"1 minute\" \/>\n<script type=\"application\/ld+json\" class=\"yoast-schema-graph\">{\"@context\":\"https:\/\/schema.org\",\"@graph\":[{\"@type\":\"WebPage\",\"@id\":\"https:\/\/www.udc-chablais.ch\/?page_id=17\",\"url\":\"https:\/\/www.udc-chablais.ch\/?page_id=17\",\"name\":\"Bex &#8226; UDC Chablais\",\"isPartOf\":{\"@id\":\"https:\/\/www.udc-chablais.ch\/#website\"},\"primaryImageOfPage\":{\"@id\":\"https:\/\/www.udc-chablais.ch\/?page_id=17#primaryimage\"},\"image\":{\"@id\":\"https:\/\/www.udc-chablais.ch\/?page_id=17#primaryimage\"},\"thumbnailUrl\":\"https:\/\/www.udc-chablais.ch\/wp-content\/uploads\/2012\/02\/district-aigle-section-bex.jpg\",\"datePublished\":\"2012-01-25T10:11:03+00:00\",\"dateModified\":\"2025-03-24T16:23:40+00:00\",\"breadcrumb\":{\"@id\":\"https:\/\/www.udc-chablais.ch\/?page_id=17#breadcrumb\"},\"inLanguage\":\"fr-FR\",\"potentialAction\":[{\"@type\":\"ReadAction\",\"target\":[\"https:\/\/www.udc-chablais.ch\/?page_id=17\"]}]},{\"@type\":\"ImageObject\",\"inLanguage\":\"fr-FR\",\"@id\":\"https:\/\/www.udc-chablais.ch\/?page_id=17#primaryimage\",\"url\":\"https:\/\/www.udc-chablais.ch\/wp-content\/uploads\/2012\/02\/district-aigle-section-bex.jpg\",\"contentUrl\":\"https:\/\/www.udc-chablais.ch\/wp-content\/uploads\/2012\/02\/district-aigle-section-bex.jpg\",\"width\":\"640\",\"height\":\"640\"},{\"@type\":\"BreadcrumbList\",\"@id\":\"https:\/\/www.udc-chablais.ch\/?page_id=17#breadcrumb\",\"itemListElement\":[{\"@type\":\"ListItem\",\"position\":1,\"name\":\"Accueil\",\"item\":\"https:\/\/www.udc-chablais.ch\/\"},{\"@type\":\"ListItem\",\"position\":2,\"name\":\"Sections\",\"item\":\"https:\/\/www.udc-chablais.ch\/?page_id=13\"},{\"@type\":\"ListItem\",\"position\":3,\"name\":\"Bex\"}]},{\"@type\":\"WebSite\",\"@id\":\"https:\/\/www.udc-chablais.ch\/#website\",\"url\":\"https:\/\/www.udc-chablais.ch\/\",\"name\":\"UDC Chablais\",\"description\":\"Une politique, la r\u00e9gion en plus\",\"publisher\":{\"@id\":\"https:\/\/www.udc-chablais.ch\/#organization\"},\"potentialAction\":[{\"@type\":\"SearchAction\",\"target\":{\"@type\":\"EntryPoint\",\"urlTemplate\":\"https:\/\/www.udc-chablais.ch\/?s={search_term_string}\"},\"query-input\":{\"@type\":\"PropertyValueSpecification\",\"valueRequired\":true,\"valueName\":\"search_term_string\"}}],\"inLanguage\":\"fr-FR\"},{\"@type\":\"Organization\",\"@id\":\"https:\/\/www.udc-chablais.ch\/#organization\",\"name\":\"UDC Chablais\",\"url\":\"https:\/\/www.udc-chablais.ch\/\",\"logo\":{\"@type\":\"ImageObject\",\"inLanguage\":\"fr-FR\",\"@id\":\"https:\/\/www.udc-chablais.ch\/#\/schema\/logo\/image\/\",\"url\":\"https:\/\/www.udc-chablais.ch\/wp-content\/uploads\/udc_chablais_logo_new_travail.jpg\",\"contentUrl\":\"https:\/\/www.udc-chablais.ch\/wp-content\/uploads\/udc_chablais_logo_new_travail.jpg\",\"width\":150,\"height\":150,\"caption\":\"UDC Chablais\"},\"image\":{\"@id\":\"https:\/\/www.udc-chablais.ch\/#\/schema\/logo\/image\/\"}}]}<\/script>\n<!-- \/ Yoast SEO plugin. -->","yoast_head_json":{"title":"Bex &#8226; UDC Chablais","robots":{"index":"index","follow":"follow","max-snippet":"max-snippet:-1","max-image-preview":"max-image-preview:large","max-video-preview":"max-video-preview:-1"},"canonical":"https:\/\/www.udc-chablais.ch\/?page_id=17","og_locale":"fr_FR","og_type":"article","og_title":"Bex &#8226; UDC Chablais","og_description":"ACTUALIT\u00c9S NOS \u00c9LUS LA SECTION Comit\u00e9&nbsp;: Conseillers&nbsp;communaux : Les s\u00e9ances de pr\u00e9paration pour le Conseil communal ont lieu les mardis pr\u00e9c\u00e9dant les s\u00e9ances du Conseil, \u00e0 19h30. \u00a0\u00bb Si le Parti suisse des Paysans, Artisans et Bourgeois joue un grand r\u00f4le sur le terrain f\u00e9d\u00e9ral et que le P.A.I. joue le sien dans le cadre [&hellip;]","og_url":"https:\/\/www.udc-chablais.ch\/?page_id=17","og_site_name":"UDC Chablais","article_modified_time":"2025-03-24T16:23:40+00:00","og_image":[{"width":640,"height":640,"url":"https:\/\/www.udc-chablais.ch\/wp-content\/uploads\/2012\/02\/district-aigle-section-bex.jpg","type":"image\/jpeg"}],"twitter_card":"summary_large_image","twitter_misc":{"Dur\u00e9e de lecture estim\u00e9e":"1 minute"},"schema":{"@context":"https:\/\/schema.org","@graph":[{"@type":"WebPage","@id":"https:\/\/www.udc-chablais.ch\/?page_id=17","url":"https:\/\/www.udc-chablais.ch\/?page_id=17","name":"Bex &#8226; UDC Chablais","isPartOf":{"@id":"https:\/\/www.udc-chablais.ch\/#website"},"primaryImageOfPage":{"@id":"https:\/\/www.udc-chablais.ch\/?page_id=17#primaryimage"},"image":{"@id":"https:\/\/www.udc-chablais.ch\/?page_id=17#primaryimage"},"thumbnailUrl":"https:\/\/www.udc-chablais.ch\/wp-content\/uploads\/2012\/02\/district-aigle-section-bex.jpg","datePublished":"2012-01-25T10:11:03+00:00","dateModified":"2025-03-24T16:23:40+00:00","breadcrumb":{"@id":"https:\/\/www.udc-chablais.ch\/?page_id=17#breadcrumb"},"inLanguage":"fr-FR","potentialAction":[{"@type":"ReadAction","target":["https:\/\/www.udc-chablais.ch\/?page_id=17"]}]},{"@type":"ImageObject","inLanguage":"fr-FR","@id":"https:\/\/www.udc-chablais.ch\/?page_id=17#primaryimage","url":"https:\/\/www.udc-chablais.ch\/wp-content\/uploads\/2012\/02\/district-aigle-section-bex.jpg","contentUrl":"https:\/\/www.udc-chablais.ch\/wp-content\/uploads\/2012\/02\/district-aigle-section-bex.jpg","width":"640","height":"640"},{"@type":"BreadcrumbList","@id":"https:\/\/www.udc-chablais.ch\/?page_id=17#breadcrumb","itemListElement":[{"@type":"ListItem","position":1,"name":"Accueil","item":"https:\/\/www.udc-chablais.ch\/"},{"@type":"ListItem","position":2,"name":"Sections","item":"https:\/\/www.udc-chablais.ch\/?page_id=13"},{"@type":"ListItem","position":3,"name":"Bex"}]},{"@type":"WebSite","@id":"https:\/\/www.udc-chablais.ch\/#website","url":"https:\/\/www.udc-chablais.ch\/","name":"UDC Chablais","description":"Une politique, la r\u00e9gion en plus","publisher":{"@id":"https:\/\/www.udc-chablais.ch\/#organization"},"potentialAction":[{"@type":"SearchAction","target":{"@type":"EntryPoint","urlTemplate":"https:\/\/www.udc-chablais.ch\/?s={search_term_string}"},"query-input":{"@type":"PropertyValueSpecification","valueRequired":true,"valueName":"search_term_string"}}],"inLanguage":"fr-FR"},{"@type":"Organization","@id":"https:\/\/www.udc-chablais.ch\/#organization","name":"UDC Chablais","url":"https:\/\/www.udc-chablais.ch\/","logo":{"@type":"ImageObject","inLanguage":"fr-FR","@id":"https:\/\/www.udc-chablais.ch\/#\/schema\/logo\/image\/","url":"https:\/\/www.udc-chablais.ch\/wp-content\/uploads\/udc_chablais_logo_new_travail.jpg","contentUrl":"https:\/\/www.udc-chablais.ch\/wp-content\/uploads\/udc_chablais_logo_new_travail.jpg","width":150,"height":150,"caption":"UDC Chablais"},"image":{"@id":"https:\/\/www.udc-chablais.ch\/#\/schema\/logo\/image\/"}}]}},"_links":{"self":[{"href":"https:\/\/www.udc-chablais.ch\/index.php?rest_route=\/wp\/v2\/pages\/17","targetHints":{"allow":["GET"]}}],"collection":[{"href":"https:\/\/www.udc-chablais.ch\/index.php?rest_route=\/wp\/v2\/pages"}],"about":[{"href":"https:\/\/www.udc-chablais.ch\/index.php?rest_route=\/wp\/v2\/types\/page"}],"author":[{"embeddable":true,"href":"https:\/\/www.udc-chablais.ch\/index.php?rest_route=\/wp\/v2\/users\/1"}],"replies":[{"embeddable":true,"href":"https:\/\/www.udc-chablais.ch\/index.php?rest_route=%2Fwp%2Fv2%2Fcomments&post=17"}],"version-history":[{"count":49,"href":"https:\/\/www.udc-chablais.ch\/index.php?rest_route=\/wp\/v2\/pages\/17\/revisions"}],"predecessor-version":[{"id":2221,"href":"https:\/\/www.udc-chablais.ch\/index.php?rest_route=\/wp\/v2\/pages\/17\/revisions\/2221"}],"up":[{"embeddable":true,"href":"https:\/\/www.udc-chablais.ch\/index.php?rest_route=\/wp\/v2\/pages\/13"}],"wp:attachment":[{"href":"https:\/\/www.udc-chablais.ch\/index.php?rest_route=%2Fwp%2Fv2%2Fmedia&parent=17"}],"curies":[{"name":"wp","href":"https:\/\/api.w.org\/{rel}","templated":true}]}}