{"id":2,"date":"2012-01-25T08:49:48","date_gmt":"2012-01-25T07:49:48","guid":{"rendered":"http:\/\/www.udc-chablais.ch.preview02.oxito.com\/?page_id=2"},"modified":"2021-07-21T21:37:57","modified_gmt":"2021-07-21T20:37:57","slug":"a-propos","status":"publish","type":"page","link":"https:\/\/www.udc-chablais.ch\/?page_id=2","title":{"rendered":"\u00c0 propos"},"content":{"rendered":"<p><img loading=\"lazy\" decoding=\"async\" class=\"alignright size-medium wp-image-223\" src=\"http:\/\/www.udc-chablais.ch\/wp-content\/uploads\/2012\/02\/district-aigle-sections-300x300.jpg\" alt=\"district-aigle\" width=\"300\" height=\"300\" srcset=\"https:\/\/www.udc-chablais.ch\/wp-content\/uploads\/2012\/02\/district-aigle-sections-300x300.jpg 300w, https:\/\/www.udc-chablais.ch\/wp-content\/uploads\/2012\/02\/district-aigle-sections-150x150.jpg 150w, https:\/\/www.udc-chablais.ch\/wp-content\/uploads\/2012\/02\/district-aigle-sections.jpg 640w\" sizes=\"auto, (max-width: 300px) 100vw, 300px\" \/>L&rsquo;UDC Chablais est la structure UDC de <strong>l&rsquo;arrondissement d&rsquo;Aigle<\/strong>. Elle a \u00e9t\u00e9 fond\u00e9e le 12 juillet 2006 \u00e0 Bex et comportait alors 4 sections locales. Elle a pour mission d&rsquo;organiser et conduire les campagnes pour les <strong>\u00e9lections au Grand Conseil vaudois<\/strong> et de coordonner <strong>l&rsquo;action politique de l&rsquo;UDC<\/strong> dans le district. Elle assure la liaison entre les sections locales et le parti cantonal.<\/p>\n<p>L&rsquo;UDC Chablais compte <strong>2 d\u00e9put\u00e9s au Grand Conseil<\/strong>, plusieurs municipaux et de nombreux conseillers communaux.\u00a0De plus, elle est repr\u00e9sent\u00e9e au sein des instances de l&rsquo;UDC vaudoise.<\/p>\n<hr \/>\n<p><strong>Liste des pr\u00e9sidents de l&rsquo;UDC Chablais<br \/>\n<\/strong><\/p>\n<ul>\n<li><strong>Dylan Karlen<\/strong>, 2006-2016<\/li>\n<li><strong>Fran\u00e7ois Deladoey<\/strong>, 2016-2018<\/li>\n<li><strong>Kevin Grangier<\/strong>, 2018-2020<\/li>\n<li><strong>Dylan Karlen<\/strong>, 2020-&#8230;<\/li>\n<\/ul>\n","protected":false},"excerpt":{"rendered":"<p>L&rsquo;UDC Chablais est la structure UDC de l&rsquo;arrondissement d&rsquo;Aigle. Elle a \u00e9t\u00e9 fond\u00e9e le 12 juillet 2006 \u00e0 Bex et comportait alors 4 sections locales. Elle a pour mission d&rsquo;organiser et conduire les campagnes pour les \u00e9lections au Grand Conseil vaudois et de coordonner l&rsquo;action politique de l&rsquo;UDC dans le district. Elle assure la liaison [&hellip;]<\/p>\n","protected":false},"author":1,"featured_media":0,"parent":0,"menu_order":1,"comment_status":"closed","ping_status":"closed","template":"","meta":{"footnotes":""},"class_list":["post-2","page","type-page","status-publish","hentry"],"yoast_head":"<!-- This site is optimized with the Yoast SEO plugin v27.4 - https:\/\/yoast.com\/product\/yoast-seo-wordpress\/ -->\n<title>\u00c0 propos &#8226; UDC Chablais<\/title>\n<meta name=\"robots\" content=\"index, follow, max-snippet:-1, max-image-preview:large, max-video-preview:-1\" \/>\n<link rel=\"canonical\" href=\"https:\/\/www.udc-chablais.ch\/?page_id=2\" \/>\n<meta property=\"og:locale\" content=\"fr_FR\" \/>\n<meta property=\"og:type\" content=\"article\" \/>\n<meta property=\"og:title\" content=\"\u00c0 propos &#8226; UDC Chablais\" \/>\n<meta property=\"og:description\" content=\"L&rsquo;UDC Chablais est la structure UDC de l&rsquo;arrondissement d&rsquo;Aigle. Elle a \u00e9t\u00e9 fond\u00e9e le 12 juillet 2006 \u00e0 Bex et comportait alors 4 sections locales. Elle a pour mission d&rsquo;organiser et conduire les campagnes pour les \u00e9lections au Grand Conseil vaudois et de coordonner l&rsquo;action politique de l&rsquo;UDC dans le district. Elle assure la liaison [&hellip;]\" \/>\n<meta property=\"og:url\" content=\"https:\/\/www.udc-chablais.ch\/?page_id=2\" \/>\n<meta property=\"og:site_name\" content=\"UDC Chablais\" \/>\n<meta property=\"article:modified_time\" content=\"2021-07-21T20:37:57+00:00\" \/>\n<meta property=\"og:image\" content=\"http:\/\/www.udc-chablais.ch\/wp-content\/uploads\/2012\/02\/district-aigle-sections-300x300.jpg\" \/>\n<meta name=\"twitter:card\" content=\"summary_large_image\" \/>\n<meta name=\"twitter:label1\" content=\"Dur\u00e9e de lecture estim\u00e9e\" \/>\n\t<meta name=\"twitter:data1\" content=\"1 minute\" \/>\n<script type=\"application\/ld+json\" class=\"yoast-schema-graph\">{\"@context\":\"https:\\\/\\\/schema.org\",\"@graph\":[{\"@type\":\"WebPage\",\"@id\":\"https:\\\/\\\/www.udc-chablais.ch\\\/?page_id=2\",\"url\":\"https:\\\/\\\/www.udc-chablais.ch\\\/?page_id=2\",\"name\":\"\u00c0 propos &#8226; UDC Chablais\",\"isPartOf\":{\"@id\":\"https:\\\/\\\/www.udc-chablais.ch\\\/#website\"},\"primaryImageOfPage\":{\"@id\":\"https:\\\/\\\/www.udc-chablais.ch\\\/?page_id=2#primaryimage\"},\"image\":{\"@id\":\"https:\\\/\\\/www.udc-chablais.ch\\\/?page_id=2#primaryimage\"},\"thumbnailUrl\":\"http:\\\/\\\/www.udc-chablais.ch\\\/wp-content\\\/uploads\\\/2012\\\/02\\\/district-aigle-sections-300x300.jpg\",\"datePublished\":\"2012-01-25T07:49:48+00:00\",\"dateModified\":\"2021-07-21T20:37:57+00:00\",\"breadcrumb\":{\"@id\":\"https:\\\/\\\/www.udc-chablais.ch\\\/?page_id=2#breadcrumb\"},\"inLanguage\":\"fr-FR\",\"potentialAction\":[{\"@type\":\"ReadAction\",\"target\":[\"https:\\\/\\\/www.udc-chablais.ch\\\/?page_id=2\"]}]},{\"@type\":\"ImageObject\",\"inLanguage\":\"fr-FR\",\"@id\":\"https:\\\/\\\/www.udc-chablais.ch\\\/?page_id=2#primaryimage\",\"url\":\"https:\\\/\\\/www.udc-chablais.ch\\\/wp-content\\\/uploads\\\/2012\\\/02\\\/district-aigle-sections.jpg\",\"contentUrl\":\"https:\\\/\\\/www.udc-chablais.ch\\\/wp-content\\\/uploads\\\/2012\\\/02\\\/district-aigle-sections.jpg\",\"width\":\"640\",\"height\":\"640\"},{\"@type\":\"BreadcrumbList\",\"@id\":\"https:\\\/\\\/www.udc-chablais.ch\\\/?page_id=2#breadcrumb\",\"itemListElement\":[{\"@type\":\"ListItem\",\"position\":1,\"name\":\"Accueil\",\"item\":\"https:\\\/\\\/www.udc-chablais.ch\\\/\"},{\"@type\":\"ListItem\",\"position\":2,\"name\":\"\u00c0 propos\"}]},{\"@type\":\"WebSite\",\"@id\":\"https:\\\/\\\/www.udc-chablais.ch\\\/#website\",\"url\":\"https:\\\/\\\/www.udc-chablais.ch\\\/\",\"name\":\"UDC Chablais\",\"description\":\"Une politique, la r\u00e9gion en plus\",\"publisher\":{\"@id\":\"https:\\\/\\\/www.udc-chablais.ch\\\/#organization\"},\"potentialAction\":[{\"@type\":\"SearchAction\",\"target\":{\"@type\":\"EntryPoint\",\"urlTemplate\":\"https:\\\/\\\/www.udc-chablais.ch\\\/?s={search_term_string}\"},\"query-input\":{\"@type\":\"PropertyValueSpecification\",\"valueRequired\":true,\"valueName\":\"search_term_string\"}}],\"inLanguage\":\"fr-FR\"},{\"@type\":\"Organization\",\"@id\":\"https:\\\/\\\/www.udc-chablais.ch\\\/#organization\",\"name\":\"UDC Chablais\",\"url\":\"https:\\\/\\\/www.udc-chablais.ch\\\/\",\"logo\":{\"@type\":\"ImageObject\",\"inLanguage\":\"fr-FR\",\"@id\":\"https:\\\/\\\/www.udc-chablais.ch\\\/#\\\/schema\\\/logo\\\/image\\\/\",\"url\":\"https:\\\/\\\/www.udc-chablais.ch\\\/wp-content\\\/uploads\\\/udc_chablais_logo_new_travail.jpg\",\"contentUrl\":\"https:\\\/\\\/www.udc-chablais.ch\\\/wp-content\\\/uploads\\\/udc_chablais_logo_new_travail.jpg\",\"width\":150,\"height\":150,\"caption\":\"UDC Chablais\"},\"image\":{\"@id\":\"https:\\\/\\\/www.udc-chablais.ch\\\/#\\\/schema\\\/logo\\\/image\\\/\"}}]}<\/script>\n<!-- \/ Yoast SEO plugin. -->","yoast_head_json":{"title":"\u00c0 propos &#8226; UDC Chablais","robots":{"index":"index","follow":"follow","max-snippet":"max-snippet:-1","max-image-preview":"max-image-preview:large","max-video-preview":"max-video-preview:-1"},"canonical":"https:\/\/www.udc-chablais.ch\/?page_id=2","og_locale":"fr_FR","og_type":"article","og_title":"\u00c0 propos &#8226; UDC Chablais","og_description":"L&rsquo;UDC Chablais est la structure UDC de l&rsquo;arrondissement d&rsquo;Aigle. Elle a \u00e9t\u00e9 fond\u00e9e le 12 juillet 2006 \u00e0 Bex et comportait alors 4 sections locales. Elle a pour mission d&rsquo;organiser et conduire les campagnes pour les \u00e9lections au Grand Conseil vaudois et de coordonner l&rsquo;action politique de l&rsquo;UDC dans le district. Elle assure la liaison [&hellip;]","og_url":"https:\/\/www.udc-chablais.ch\/?page_id=2","og_site_name":"UDC Chablais","article_modified_time":"2021-07-21T20:37:57+00:00","og_image":[{"url":"http:\/\/www.udc-chablais.ch\/wp-content\/uploads\/2012\/02\/district-aigle-sections-300x300.jpg","type":"","width":"","height":""}],"twitter_card":"summary_large_image","twitter_misc":{"Dur\u00e9e de lecture estim\u00e9e":"1 minute"},"schema":{"@context":"https:\/\/schema.org","@graph":[{"@type":"WebPage","@id":"https:\/\/www.udc-chablais.ch\/?page_id=2","url":"https:\/\/www.udc-chablais.ch\/?page_id=2","name":"\u00c0 propos &#8226; UDC Chablais","isPartOf":{"@id":"https:\/\/www.udc-chablais.ch\/#website"},"primaryImageOfPage":{"@id":"https:\/\/www.udc-chablais.ch\/?page_id=2#primaryimage"},"image":{"@id":"https:\/\/www.udc-chablais.ch\/?page_id=2#primaryimage"},"thumbnailUrl":"http:\/\/www.udc-chablais.ch\/wp-content\/uploads\/2012\/02\/district-aigle-sections-300x300.jpg","datePublished":"2012-01-25T07:49:48+00:00","dateModified":"2021-07-21T20:37:57+00:00","breadcrumb":{"@id":"https:\/\/www.udc-chablais.ch\/?page_id=2#breadcrumb"},"inLanguage":"fr-FR","potentialAction":[{"@type":"ReadAction","target":["https:\/\/www.udc-chablais.ch\/?page_id=2"]}]},{"@type":"ImageObject","inLanguage":"fr-FR","@id":"https:\/\/www.udc-chablais.ch\/?page_id=2#primaryimage","url":"https:\/\/www.udc-chablais.ch\/wp-content\/uploads\/2012\/02\/district-aigle-sections.jpg","contentUrl":"https:\/\/www.udc-chablais.ch\/wp-content\/uploads\/2012\/02\/district-aigle-sections.jpg","width":"640","height":"640"},{"@type":"BreadcrumbList","@id":"https:\/\/www.udc-chablais.ch\/?page_id=2#breadcrumb","itemListElement":[{"@type":"ListItem","position":1,"name":"Accueil","item":"https:\/\/www.udc-chablais.ch\/"},{"@type":"ListItem","position":2,"name":"\u00c0 propos"}]},{"@type":"WebSite","@id":"https:\/\/www.udc-chablais.ch\/#website","url":"https:\/\/www.udc-chablais.ch\/","name":"UDC Chablais","description":"Une politique, la r\u00e9gion en plus","publisher":{"@id":"https:\/\/www.udc-chablais.ch\/#organization"},"potentialAction":[{"@type":"SearchAction","target":{"@type":"EntryPoint","urlTemplate":"https:\/\/www.udc-chablais.ch\/?s={search_term_string}"},"query-input":{"@type":"PropertyValueSpecification","valueRequired":true,"valueName":"search_term_string"}}],"inLanguage":"fr-FR"},{"@type":"Organization","@id":"https:\/\/www.udc-chablais.ch\/#organization","name":"UDC Chablais","url":"https:\/\/www.udc-chablais.ch\/","logo":{"@type":"ImageObject","inLanguage":"fr-FR","@id":"https:\/\/www.udc-chablais.ch\/#\/schema\/logo\/image\/","url":"https:\/\/www.udc-chablais.ch\/wp-content\/uploads\/udc_chablais_logo_new_travail.jpg","contentUrl":"https:\/\/www.udc-chablais.ch\/wp-content\/uploads\/udc_chablais_logo_new_travail.jpg","width":150,"height":150,"caption":"UDC Chablais"},"image":{"@id":"https:\/\/www.udc-chablais.ch\/#\/schema\/logo\/image\/"}}]}},"_links":{"self":[{"href":"https:\/\/www.udc-chablais.ch\/index.php?rest_route=\/wp\/v2\/pages\/2","targetHints":{"allow":["GET"]}}],"collection":[{"href":"https:\/\/www.udc-chablais.ch\/index.php?rest_route=\/wp\/v2\/pages"}],"about":[{"href":"https:\/\/www.udc-chablais.ch\/index.php?rest_route=\/wp\/v2\/types\/page"}],"author":[{"embeddable":true,"href":"https:\/\/www.udc-chablais.ch\/index.php?rest_route=\/wp\/v2\/users\/1"}],"replies":[{"embeddable":true,"href":"https:\/\/www.udc-chablais.ch\/index.php?rest_route=%2Fwp%2Fv2%2Fcomments&post=2"}],"version-history":[{"count":16,"href":"https:\/\/www.udc-chablais.ch\/index.php?rest_route=\/wp\/v2\/pages\/2\/revisions"}],"predecessor-version":[{"id":1799,"href":"https:\/\/www.udc-chablais.ch\/index.php?rest_route=\/wp\/v2\/pages\/2\/revisions\/1799"}],"wp:attachment":[{"href":"https:\/\/www.udc-chablais.ch\/index.php?rest_route=%2Fwp%2Fv2%2Fmedia&parent=2"}],"curies":[{"name":"wp","href":"https:\/\/api.w.org\/{rel}","templated":true}]}}