{"id":27,"date":"2012-01-25T11:12:20","date_gmt":"2012-01-25T10:12:20","guid":{"rendered":"http:\/\/www.udc-chablais.ch\/?page_id=27"},"modified":"2021-11-23T15:17:58","modified_gmt":"2021-11-23T14:17:58","slug":"les-ormonts","status":"publish","type":"page","link":"https:\/\/www.udc-chablais.ch\/?page_id=27","title":{"rendered":"Les Ormonts"},"content":{"rendered":"<p><img loading=\"lazy\" decoding=\"async\" class=\"alignright wp-image-222 size-medium\" title=\"district-aigle\" src=\"http:\/\/www.udc-chablais.ch\/wp-content\/uploads\/2012\/02\/district-aigle-section-ormonts-300x300.jpg\" alt=\"\" width=\"300\" height=\"300\" srcset=\"https:\/\/www.udc-chablais.ch\/wp-content\/uploads\/2012\/02\/district-aigle-section-ormonts-300x300.jpg 300w, https:\/\/www.udc-chablais.ch\/wp-content\/uploads\/2012\/02\/district-aigle-section-ormonts-150x150.jpg 150w, https:\/\/www.udc-chablais.ch\/wp-content\/uploads\/2012\/02\/district-aigle-section-ormonts.jpg 640w\" sizes=\"auto, (max-width: 300px) 100vw, 300px\" \/><\/p>\n<ul>\n<li>Section UDC Les Ormonts<\/li>\n<\/ul>\n<p><strong><a href=\"http:\/\/www.udc-chablais.ch\/?cat=12http:\/\/\">Voir les actualit\u00e9s de l&rsquo;UDC Les Ormonts<\/a><\/strong><\/p>\n<h1>NOS \u00c9LUS<\/h1>\n<ul>\n<li><\/li>\n<\/ul>\n<h1>LA SECTION<strong>\u00a0<\/strong><\/h1>\n<p><strong>Comit\u00e9 :<\/strong><\/p>\n<ul>\n<li><strong>Pr\u00e9sident :<\/strong> vacant<\/li>\n<li><strong>Secr\u00e9taire :<\/strong> Martial F\u00e9lix<\/li>\n<\/ul>\n<p><strong>Conseillers communaux :<\/strong><\/p>\n","protected":false},"excerpt":{"rendered":"<p>Section UDC Les Ormonts Voir les actualit\u00e9s de l&rsquo;UDC Les Ormonts NOS \u00c9LUS LA SECTION\u00a0 Comit\u00e9 : Pr\u00e9sident : vacant Secr\u00e9taire : Martial F\u00e9lix Conseillers communaux :<\/p>\n","protected":false},"author":1,"featured_media":0,"parent":13,"menu_order":0,"comment_status":"closed","ping_status":"closed","template":"","meta":{"footnotes":""},"class_list":["post-27","page","type-page","status-publish","hentry"],"yoast_head":"<!-- This site is optimized with the Yoast SEO plugin v27.4 - https:\/\/yoast.com\/product\/yoast-seo-wordpress\/ -->\n<title>Les Ormonts &#8226; UDC Chablais<\/title>\n<meta name=\"robots\" content=\"index, follow, max-snippet:-1, max-image-preview:large, max-video-preview:-1\" \/>\n<link rel=\"canonical\" href=\"https:\/\/www.udc-chablais.ch\/?page_id=27\" \/>\n<meta property=\"og:locale\" content=\"fr_FR\" \/>\n<meta property=\"og:type\" content=\"article\" \/>\n<meta property=\"og:title\" content=\"Les Ormonts &#8226; UDC Chablais\" \/>\n<meta property=\"og:description\" content=\"Section UDC Les Ormonts Voir les actualit\u00e9s de l&rsquo;UDC Les Ormonts NOS \u00c9LUS LA SECTION\u00a0 Comit\u00e9 : Pr\u00e9sident : vacant Secr\u00e9taire : Martial F\u00e9lix Conseillers communaux :\" \/>\n<meta property=\"og:url\" content=\"https:\/\/www.udc-chablais.ch\/?page_id=27\" \/>\n<meta property=\"og:site_name\" content=\"UDC Chablais\" \/>\n<meta property=\"article:modified_time\" content=\"2021-11-23T14:17:58+00:00\" \/>\n<meta property=\"og:image\" content=\"http:\/\/www.udc-chablais.ch\/wp-content\/uploads\/2012\/02\/district-aigle-section-ormonts-300x300.jpg\" \/>\n<meta name=\"twitter:card\" content=\"summary_large_image\" \/>\n<meta name=\"twitter:label1\" content=\"Dur\u00e9e de lecture estim\u00e9e\" \/>\n\t<meta name=\"twitter:data1\" content=\"1 minute\" \/>\n<script type=\"application\/ld+json\" class=\"yoast-schema-graph\">{\"@context\":\"https:\\\/\\\/schema.org\",\"@graph\":[{\"@type\":\"WebPage\",\"@id\":\"https:\\\/\\\/www.udc-chablais.ch\\\/?page_id=27\",\"url\":\"https:\\\/\\\/www.udc-chablais.ch\\\/?page_id=27\",\"name\":\"Les Ormonts &#8226; UDC Chablais\",\"isPartOf\":{\"@id\":\"https:\\\/\\\/www.udc-chablais.ch\\\/#website\"},\"primaryImageOfPage\":{\"@id\":\"https:\\\/\\\/www.udc-chablais.ch\\\/?page_id=27#primaryimage\"},\"image\":{\"@id\":\"https:\\\/\\\/www.udc-chablais.ch\\\/?page_id=27#primaryimage\"},\"thumbnailUrl\":\"http:\\\/\\\/www.udc-chablais.ch\\\/wp-content\\\/uploads\\\/2012\\\/02\\\/district-aigle-section-ormonts-300x300.jpg\",\"datePublished\":\"2012-01-25T10:12:20+00:00\",\"dateModified\":\"2021-11-23T14:17:58+00:00\",\"breadcrumb\":{\"@id\":\"https:\\\/\\\/www.udc-chablais.ch\\\/?page_id=27#breadcrumb\"},\"inLanguage\":\"fr-FR\",\"potentialAction\":[{\"@type\":\"ReadAction\",\"target\":[\"https:\\\/\\\/www.udc-chablais.ch\\\/?page_id=27\"]}]},{\"@type\":\"ImageObject\",\"inLanguage\":\"fr-FR\",\"@id\":\"https:\\\/\\\/www.udc-chablais.ch\\\/?page_id=27#primaryimage\",\"url\":\"https:\\\/\\\/www.udc-chablais.ch\\\/wp-content\\\/uploads\\\/2012\\\/02\\\/district-aigle-section-ormonts.jpg\",\"contentUrl\":\"https:\\\/\\\/www.udc-chablais.ch\\\/wp-content\\\/uploads\\\/2012\\\/02\\\/district-aigle-section-ormonts.jpg\",\"width\":\"640\",\"height\":\"640\"},{\"@type\":\"BreadcrumbList\",\"@id\":\"https:\\\/\\\/www.udc-chablais.ch\\\/?page_id=27#breadcrumb\",\"itemListElement\":[{\"@type\":\"ListItem\",\"position\":1,\"name\":\"Accueil\",\"item\":\"https:\\\/\\\/www.udc-chablais.ch\\\/\"},{\"@type\":\"ListItem\",\"position\":2,\"name\":\"Sections\",\"item\":\"https:\\\/\\\/www.udc-chablais.ch\\\/?page_id=13\"},{\"@type\":\"ListItem\",\"position\":3,\"name\":\"Les Ormonts\"}]},{\"@type\":\"WebSite\",\"@id\":\"https:\\\/\\\/www.udc-chablais.ch\\\/#website\",\"url\":\"https:\\\/\\\/www.udc-chablais.ch\\\/\",\"name\":\"UDC Chablais\",\"description\":\"Une politique, la r\u00e9gion en plus\",\"publisher\":{\"@id\":\"https:\\\/\\\/www.udc-chablais.ch\\\/#organization\"},\"potentialAction\":[{\"@type\":\"SearchAction\",\"target\":{\"@type\":\"EntryPoint\",\"urlTemplate\":\"https:\\\/\\\/www.udc-chablais.ch\\\/?s={search_term_string}\"},\"query-input\":{\"@type\":\"PropertyValueSpecification\",\"valueRequired\":true,\"valueName\":\"search_term_string\"}}],\"inLanguage\":\"fr-FR\"},{\"@type\":\"Organization\",\"@id\":\"https:\\\/\\\/www.udc-chablais.ch\\\/#organization\",\"name\":\"UDC Chablais\",\"url\":\"https:\\\/\\\/www.udc-chablais.ch\\\/\",\"logo\":{\"@type\":\"ImageObject\",\"inLanguage\":\"fr-FR\",\"@id\":\"https:\\\/\\\/www.udc-chablais.ch\\\/#\\\/schema\\\/logo\\\/image\\\/\",\"url\":\"https:\\\/\\\/www.udc-chablais.ch\\\/wp-content\\\/uploads\\\/udc_chablais_logo_new_travail.jpg\",\"contentUrl\":\"https:\\\/\\\/www.udc-chablais.ch\\\/wp-content\\\/uploads\\\/udc_chablais_logo_new_travail.jpg\",\"width\":150,\"height\":150,\"caption\":\"UDC Chablais\"},\"image\":{\"@id\":\"https:\\\/\\\/www.udc-chablais.ch\\\/#\\\/schema\\\/logo\\\/image\\\/\"}}]}<\/script>\n<!-- \/ Yoast SEO plugin. -->","yoast_head_json":{"title":"Les Ormonts &#8226; UDC Chablais","robots":{"index":"index","follow":"follow","max-snippet":"max-snippet:-1","max-image-preview":"max-image-preview:large","max-video-preview":"max-video-preview:-1"},"canonical":"https:\/\/www.udc-chablais.ch\/?page_id=27","og_locale":"fr_FR","og_type":"article","og_title":"Les Ormonts &#8226; UDC Chablais","og_description":"Section UDC Les Ormonts Voir les actualit\u00e9s de l&rsquo;UDC Les Ormonts NOS \u00c9LUS LA SECTION\u00a0 Comit\u00e9 : Pr\u00e9sident : vacant Secr\u00e9taire : Martial F\u00e9lix Conseillers communaux :","og_url":"https:\/\/www.udc-chablais.ch\/?page_id=27","og_site_name":"UDC Chablais","article_modified_time":"2021-11-23T14:17:58+00:00","og_image":[{"url":"http:\/\/www.udc-chablais.ch\/wp-content\/uploads\/2012\/02\/district-aigle-section-ormonts-300x300.jpg","type":"","width":"","height":""}],"twitter_card":"summary_large_image","twitter_misc":{"Dur\u00e9e de lecture estim\u00e9e":"1 minute"},"schema":{"@context":"https:\/\/schema.org","@graph":[{"@type":"WebPage","@id":"https:\/\/www.udc-chablais.ch\/?page_id=27","url":"https:\/\/www.udc-chablais.ch\/?page_id=27","name":"Les Ormonts &#8226; UDC Chablais","isPartOf":{"@id":"https:\/\/www.udc-chablais.ch\/#website"},"primaryImageOfPage":{"@id":"https:\/\/www.udc-chablais.ch\/?page_id=27#primaryimage"},"image":{"@id":"https:\/\/www.udc-chablais.ch\/?page_id=27#primaryimage"},"thumbnailUrl":"http:\/\/www.udc-chablais.ch\/wp-content\/uploads\/2012\/02\/district-aigle-section-ormonts-300x300.jpg","datePublished":"2012-01-25T10:12:20+00:00","dateModified":"2021-11-23T14:17:58+00:00","breadcrumb":{"@id":"https:\/\/www.udc-chablais.ch\/?page_id=27#breadcrumb"},"inLanguage":"fr-FR","potentialAction":[{"@type":"ReadAction","target":["https:\/\/www.udc-chablais.ch\/?page_id=27"]}]},{"@type":"ImageObject","inLanguage":"fr-FR","@id":"https:\/\/www.udc-chablais.ch\/?page_id=27#primaryimage","url":"https:\/\/www.udc-chablais.ch\/wp-content\/uploads\/2012\/02\/district-aigle-section-ormonts.jpg","contentUrl":"https:\/\/www.udc-chablais.ch\/wp-content\/uploads\/2012\/02\/district-aigle-section-ormonts.jpg","width":"640","height":"640"},{"@type":"BreadcrumbList","@id":"https:\/\/www.udc-chablais.ch\/?page_id=27#breadcrumb","itemListElement":[{"@type":"ListItem","position":1,"name":"Accueil","item":"https:\/\/www.udc-chablais.ch\/"},{"@type":"ListItem","position":2,"name":"Sections","item":"https:\/\/www.udc-chablais.ch\/?page_id=13"},{"@type":"ListItem","position":3,"name":"Les Ormonts"}]},{"@type":"WebSite","@id":"https:\/\/www.udc-chablais.ch\/#website","url":"https:\/\/www.udc-chablais.ch\/","name":"UDC Chablais","description":"Une politique, la r\u00e9gion en plus","publisher":{"@id":"https:\/\/www.udc-chablais.ch\/#organization"},"potentialAction":[{"@type":"SearchAction","target":{"@type":"EntryPoint","urlTemplate":"https:\/\/www.udc-chablais.ch\/?s={search_term_string}"},"query-input":{"@type":"PropertyValueSpecification","valueRequired":true,"valueName":"search_term_string"}}],"inLanguage":"fr-FR"},{"@type":"Organization","@id":"https:\/\/www.udc-chablais.ch\/#organization","name":"UDC Chablais","url":"https:\/\/www.udc-chablais.ch\/","logo":{"@type":"ImageObject","inLanguage":"fr-FR","@id":"https:\/\/www.udc-chablais.ch\/#\/schema\/logo\/image\/","url":"https:\/\/www.udc-chablais.ch\/wp-content\/uploads\/udc_chablais_logo_new_travail.jpg","contentUrl":"https:\/\/www.udc-chablais.ch\/wp-content\/uploads\/udc_chablais_logo_new_travail.jpg","width":150,"height":150,"caption":"UDC Chablais"},"image":{"@id":"https:\/\/www.udc-chablais.ch\/#\/schema\/logo\/image\/"}}]}},"_links":{"self":[{"href":"https:\/\/www.udc-chablais.ch\/index.php?rest_route=\/wp\/v2\/pages\/27","targetHints":{"allow":["GET"]}}],"collection":[{"href":"https:\/\/www.udc-chablais.ch\/index.php?rest_route=\/wp\/v2\/pages"}],"about":[{"href":"https:\/\/www.udc-chablais.ch\/index.php?rest_route=\/wp\/v2\/types\/page"}],"author":[{"embeddable":true,"href":"https:\/\/www.udc-chablais.ch\/index.php?rest_route=\/wp\/v2\/users\/1"}],"replies":[{"embeddable":true,"href":"https:\/\/www.udc-chablais.ch\/index.php?rest_route=%2Fwp%2Fv2%2Fcomments&post=27"}],"version-history":[{"count":19,"href":"https:\/\/www.udc-chablais.ch\/index.php?rest_route=\/wp\/v2\/pages\/27\/revisions"}],"predecessor-version":[{"id":1861,"href":"https:\/\/www.udc-chablais.ch\/index.php?rest_route=\/wp\/v2\/pages\/27\/revisions\/1861"}],"up":[{"embeddable":true,"href":"https:\/\/www.udc-chablais.ch\/index.php?rest_route=\/wp\/v2\/pages\/13"}],"wp:attachment":[{"href":"https:\/\/www.udc-chablais.ch\/index.php?rest_route=%2Fwp%2Fv2%2Fmedia&parent=27"}],"curies":[{"name":"wp","href":"https:\/\/api.w.org\/{rel}","templated":true}]}}