{"id":854,"date":"2013-06-20T14:31:09","date_gmt":"2013-06-20T13:31:09","guid":{"rendered":"http:\/\/www.udc-chablais.ch\/?page_id=854"},"modified":"2022-06-30T15:50:55","modified_gmt":"2022-06-30T14:50:55","slug":"deputes","status":"publish","type":"page","link":"https:\/\/www.udc-chablais.ch\/?page_id=854","title":{"rendered":"D\u00e9putation"},"content":{"rendered":"\n<p>L&rsquo;UDC Chablais est repr\u00e9sent\u00e9e au Grand Conseil vaudois par 1 d\u00e9put\u00e9 sur les 8 dont dispose le district d&rsquo;Aigle. Ils sont \u00e9lus par le peuple au scrutin de repr\u00e9sentation proportionnelle pour une l\u00e9gislature de 5 ans.<\/p>\n\n\n\n<div class=\"wp-block-media-text alignwide is-stacked-on-mobile\"><figure class=\"wp-block-media-text__media\"><img loading=\"lazy\" decoding=\"async\" width=\"1024\" height=\"683\" src=\"https:\/\/www.udc-chablais.ch\/wp-content\/uploads\/Favrod-1024x683.png\" alt=\"\" class=\"wp-image-1947 size-full\" srcset=\"https:\/\/www.udc-chablais.ch\/wp-content\/uploads\/Favrod-1024x683.png 1024w, https:\/\/www.udc-chablais.ch\/wp-content\/uploads\/Favrod-300x200.png 300w, https:\/\/www.udc-chablais.ch\/wp-content\/uploads\/Favrod-768x512.png 768w, https:\/\/www.udc-chablais.ch\/wp-content\/uploads\/Favrod-1536x1024.png 1536w, https:\/\/www.udc-chablais.ch\/wp-content\/uploads\/Favrod-2048x1365.png 2048w, https:\/\/www.udc-chablais.ch\/wp-content\/uploads\/Favrod-600x400.png 600w\" sizes=\"auto, (max-width: 1024px) 100vw, 1024px\" \/><\/figure><div class=\"wp-block-media-text__content\">\n<h2 class=\"wp-block-heading\">Pierre-Alain Favrod<\/h2>\n\n\n\n<ul class=\"wp-block-list\"><li>N\u00e9 en 1973, mari\u00e9, 4 enfants<\/li><li>D\u00e9put\u00e9 et Municipal<\/li><li>Agriculteur<\/li><li>Noville<\/li><\/ul>\n<\/div><\/div>\n","protected":false},"excerpt":{"rendered":"<p>L&rsquo;UDC Chablais est repr\u00e9sent\u00e9e au Grand Conseil vaudois par 1 d\u00e9put\u00e9 sur les 8 dont dispose le district d&rsquo;Aigle. Ils sont \u00e9lus par le peuple au scrutin de repr\u00e9sentation proportionnelle pour une l\u00e9gislature de 5 ans. Pierre-Alain Favrod N\u00e9 en 1973, mari\u00e9, 4 enfants D\u00e9put\u00e9 et Municipal Agriculteur Noville<\/p>\n","protected":false},"author":1,"featured_media":0,"parent":0,"menu_order":5,"comment_status":"closed","ping_status":"closed","template":"","meta":{"footnotes":""},"class_list":["post-854","page","type-page","status-publish","hentry"],"yoast_head":"<!-- This site is optimized with the Yoast SEO plugin v24.7 - https:\/\/yoast.com\/wordpress\/plugins\/seo\/ -->\n<title>D\u00e9putation &#8226; UDC Chablais<\/title>\n<meta name=\"robots\" content=\"index, follow, max-snippet:-1, max-image-preview:large, max-video-preview:-1\" \/>\n<link rel=\"canonical\" href=\"https:\/\/www.udc-chablais.ch\/?page_id=854\" \/>\n<meta property=\"og:locale\" content=\"fr_FR\" \/>\n<meta property=\"og:type\" content=\"article\" \/>\n<meta property=\"og:title\" content=\"D\u00e9putation &#8226; UDC Chablais\" \/>\n<meta property=\"og:description\" content=\"L&rsquo;UDC Chablais est repr\u00e9sent\u00e9e au Grand Conseil vaudois par 1 d\u00e9put\u00e9 sur les 8 dont dispose le district d&rsquo;Aigle. Ils sont \u00e9lus par le peuple au scrutin de repr\u00e9sentation proportionnelle pour une l\u00e9gislature de 5 ans. Pierre-Alain Favrod N\u00e9 en 1973, mari\u00e9, 4 enfants D\u00e9put\u00e9 et Municipal Agriculteur Noville\" \/>\n<meta property=\"og:url\" content=\"https:\/\/www.udc-chablais.ch\/?page_id=854\" \/>\n<meta property=\"og:site_name\" content=\"UDC Chablais\" \/>\n<meta property=\"article:modified_time\" content=\"2022-06-30T14:50:55+00:00\" \/>\n<meta property=\"og:image\" content=\"https:\/\/www.udc-chablais.ch\/wp-content\/uploads\/Favrod-1024x683.png\" \/>\n<meta name=\"twitter:card\" content=\"summary_large_image\" \/>\n<meta name=\"twitter:label1\" content=\"Dur\u00e9e de lecture estim\u00e9e\" \/>\n\t<meta name=\"twitter:data1\" content=\"1 minute\" \/>\n<script type=\"application\/ld+json\" class=\"yoast-schema-graph\">{\"@context\":\"https:\/\/schema.org\",\"@graph\":[{\"@type\":\"WebPage\",\"@id\":\"https:\/\/www.udc-chablais.ch\/?page_id=854\",\"url\":\"https:\/\/www.udc-chablais.ch\/?page_id=854\",\"name\":\"D\u00e9putation &#8226; UDC Chablais\",\"isPartOf\":{\"@id\":\"https:\/\/www.udc-chablais.ch\/#website\"},\"primaryImageOfPage\":{\"@id\":\"https:\/\/www.udc-chablais.ch\/?page_id=854#primaryimage\"},\"image\":{\"@id\":\"https:\/\/www.udc-chablais.ch\/?page_id=854#primaryimage\"},\"thumbnailUrl\":\"https:\/\/www.udc-chablais.ch\/wp-content\/uploads\/Favrod-1024x683.png\",\"datePublished\":\"2013-06-20T13:31:09+00:00\",\"dateModified\":\"2022-06-30T14:50:55+00:00\",\"breadcrumb\":{\"@id\":\"https:\/\/www.udc-chablais.ch\/?page_id=854#breadcrumb\"},\"inLanguage\":\"fr-FR\",\"potentialAction\":[{\"@type\":\"ReadAction\",\"target\":[\"https:\/\/www.udc-chablais.ch\/?page_id=854\"]}]},{\"@type\":\"ImageObject\",\"inLanguage\":\"fr-FR\",\"@id\":\"https:\/\/www.udc-chablais.ch\/?page_id=854#primaryimage\",\"url\":\"https:\/\/www.udc-chablais.ch\/wp-content\/uploads\/Favrod.png\",\"contentUrl\":\"https:\/\/www.udc-chablais.ch\/wp-content\/uploads\/Favrod.png\",\"width\":5472,\"height\":3648},{\"@type\":\"BreadcrumbList\",\"@id\":\"https:\/\/www.udc-chablais.ch\/?page_id=854#breadcrumb\",\"itemListElement\":[{\"@type\":\"ListItem\",\"position\":1,\"name\":\"Accueil\",\"item\":\"https:\/\/www.udc-chablais.ch\/\"},{\"@type\":\"ListItem\",\"position\":2,\"name\":\"D\u00e9putation\"}]},{\"@type\":\"WebSite\",\"@id\":\"https:\/\/www.udc-chablais.ch\/#website\",\"url\":\"https:\/\/www.udc-chablais.ch\/\",\"name\":\"UDC Chablais\",\"description\":\"Une politique, la r\u00e9gion en plus\",\"publisher\":{\"@id\":\"https:\/\/www.udc-chablais.ch\/#organization\"},\"potentialAction\":[{\"@type\":\"SearchAction\",\"target\":{\"@type\":\"EntryPoint\",\"urlTemplate\":\"https:\/\/www.udc-chablais.ch\/?s={search_term_string}\"},\"query-input\":{\"@type\":\"PropertyValueSpecification\",\"valueRequired\":true,\"valueName\":\"search_term_string\"}}],\"inLanguage\":\"fr-FR\"},{\"@type\":\"Organization\",\"@id\":\"https:\/\/www.udc-chablais.ch\/#organization\",\"name\":\"UDC Chablais\",\"url\":\"https:\/\/www.udc-chablais.ch\/\",\"logo\":{\"@type\":\"ImageObject\",\"inLanguage\":\"fr-FR\",\"@id\":\"https:\/\/www.udc-chablais.ch\/#\/schema\/logo\/image\/\",\"url\":\"https:\/\/www.udc-chablais.ch\/wp-content\/uploads\/udc_chablais_logo_new_travail.jpg\",\"contentUrl\":\"https:\/\/www.udc-chablais.ch\/wp-content\/uploads\/udc_chablais_logo_new_travail.jpg\",\"width\":150,\"height\":150,\"caption\":\"UDC Chablais\"},\"image\":{\"@id\":\"https:\/\/www.udc-chablais.ch\/#\/schema\/logo\/image\/\"}}]}<\/script>\n<!-- \/ Yoast SEO plugin. -->","yoast_head_json":{"title":"D\u00e9putation &#8226; UDC Chablais","robots":{"index":"index","follow":"follow","max-snippet":"max-snippet:-1","max-image-preview":"max-image-preview:large","max-video-preview":"max-video-preview:-1"},"canonical":"https:\/\/www.udc-chablais.ch\/?page_id=854","og_locale":"fr_FR","og_type":"article","og_title":"D\u00e9putation &#8226; UDC Chablais","og_description":"L&rsquo;UDC Chablais est repr\u00e9sent\u00e9e au Grand Conseil vaudois par 1 d\u00e9put\u00e9 sur les 8 dont dispose le district d&rsquo;Aigle. Ils sont \u00e9lus par le peuple au scrutin de repr\u00e9sentation proportionnelle pour une l\u00e9gislature de 5 ans. Pierre-Alain Favrod N\u00e9 en 1973, mari\u00e9, 4 enfants D\u00e9put\u00e9 et Municipal Agriculteur Noville","og_url":"https:\/\/www.udc-chablais.ch\/?page_id=854","og_site_name":"UDC Chablais","article_modified_time":"2022-06-30T14:50:55+00:00","og_image":[{"url":"https:\/\/www.udc-chablais.ch\/wp-content\/uploads\/Favrod-1024x683.png","type":"","width":"","height":""}],"twitter_card":"summary_large_image","twitter_misc":{"Dur\u00e9e de lecture estim\u00e9e":"1 minute"},"schema":{"@context":"https:\/\/schema.org","@graph":[{"@type":"WebPage","@id":"https:\/\/www.udc-chablais.ch\/?page_id=854","url":"https:\/\/www.udc-chablais.ch\/?page_id=854","name":"D\u00e9putation &#8226; UDC Chablais","isPartOf":{"@id":"https:\/\/www.udc-chablais.ch\/#website"},"primaryImageOfPage":{"@id":"https:\/\/www.udc-chablais.ch\/?page_id=854#primaryimage"},"image":{"@id":"https:\/\/www.udc-chablais.ch\/?page_id=854#primaryimage"},"thumbnailUrl":"https:\/\/www.udc-chablais.ch\/wp-content\/uploads\/Favrod-1024x683.png","datePublished":"2013-06-20T13:31:09+00:00","dateModified":"2022-06-30T14:50:55+00:00","breadcrumb":{"@id":"https:\/\/www.udc-chablais.ch\/?page_id=854#breadcrumb"},"inLanguage":"fr-FR","potentialAction":[{"@type":"ReadAction","target":["https:\/\/www.udc-chablais.ch\/?page_id=854"]}]},{"@type":"ImageObject","inLanguage":"fr-FR","@id":"https:\/\/www.udc-chablais.ch\/?page_id=854#primaryimage","url":"https:\/\/www.udc-chablais.ch\/wp-content\/uploads\/Favrod.png","contentUrl":"https:\/\/www.udc-chablais.ch\/wp-content\/uploads\/Favrod.png","width":5472,"height":3648},{"@type":"BreadcrumbList","@id":"https:\/\/www.udc-chablais.ch\/?page_id=854#breadcrumb","itemListElement":[{"@type":"ListItem","position":1,"name":"Accueil","item":"https:\/\/www.udc-chablais.ch\/"},{"@type":"ListItem","position":2,"name":"D\u00e9putation"}]},{"@type":"WebSite","@id":"https:\/\/www.udc-chablais.ch\/#website","url":"https:\/\/www.udc-chablais.ch\/","name":"UDC Chablais","description":"Une politique, la r\u00e9gion en plus","publisher":{"@id":"https:\/\/www.udc-chablais.ch\/#organization"},"potentialAction":[{"@type":"SearchAction","target":{"@type":"EntryPoint","urlTemplate":"https:\/\/www.udc-chablais.ch\/?s={search_term_string}"},"query-input":{"@type":"PropertyValueSpecification","valueRequired":true,"valueName":"search_term_string"}}],"inLanguage":"fr-FR"},{"@type":"Organization","@id":"https:\/\/www.udc-chablais.ch\/#organization","name":"UDC Chablais","url":"https:\/\/www.udc-chablais.ch\/","logo":{"@type":"ImageObject","inLanguage":"fr-FR","@id":"https:\/\/www.udc-chablais.ch\/#\/schema\/logo\/image\/","url":"https:\/\/www.udc-chablais.ch\/wp-content\/uploads\/udc_chablais_logo_new_travail.jpg","contentUrl":"https:\/\/www.udc-chablais.ch\/wp-content\/uploads\/udc_chablais_logo_new_travail.jpg","width":150,"height":150,"caption":"UDC Chablais"},"image":{"@id":"https:\/\/www.udc-chablais.ch\/#\/schema\/logo\/image\/"}}]}},"_links":{"self":[{"href":"https:\/\/www.udc-chablais.ch\/index.php?rest_route=\/wp\/v2\/pages\/854","targetHints":{"allow":["GET"]}}],"collection":[{"href":"https:\/\/www.udc-chablais.ch\/index.php?rest_route=\/wp\/v2\/pages"}],"about":[{"href":"https:\/\/www.udc-chablais.ch\/index.php?rest_route=\/wp\/v2\/types\/page"}],"author":[{"embeddable":true,"href":"https:\/\/www.udc-chablais.ch\/index.php?rest_route=\/wp\/v2\/users\/1"}],"replies":[{"embeddable":true,"href":"https:\/\/www.udc-chablais.ch\/index.php?rest_route=%2Fwp%2Fv2%2Fcomments&post=854"}],"version-history":[{"count":17,"href":"https:\/\/www.udc-chablais.ch\/index.php?rest_route=\/wp\/v2\/pages\/854\/revisions"}],"predecessor-version":[{"id":2108,"href":"https:\/\/www.udc-chablais.ch\/index.php?rest_route=\/wp\/v2\/pages\/854\/revisions\/2108"}],"wp:attachment":[{"href":"https:\/\/www.udc-chablais.ch\/index.php?rest_route=%2Fwp%2Fv2%2Fmedia&parent=854"}],"curies":[{"name":"wp","href":"https:\/\/api.w.org\/{rel}","templated":true}]}}